{"id":5,"date":"2017-01-02T08:28:52","date_gmt":"2017-01-02T08:28:52","guid":{"rendered":"https:\/\/demo.themegrill.com\/flash-default-2\/?page_id=5"},"modified":"2026-04-14T19:00:32","modified_gmt":"2026-04-14T19:00:32","slug":"home","status":"publish","type":"page","link":"https:\/\/www.umf-motorsport.de\/","title":{"rendered":"Home"},"content":{"rendered":"<div id=\"pl-5\"  class=\"panel-layout\" ><div id=\"pg-5-0\"  class=\"panel-grid panel-has-style\" ><div data-overlay-opactity=\"1\" class=\"panel-row-style panel-row-style-for-5-0\" ><div id=\"pgc-5-0-0\"  class=\"panel-grid-cell\" ><div id=\"panel-5-0-0-0\" class=\"so-panel widget widget_themegrill_flash_service tg-widget tg-single-service panel-first-child panel-last-child\" data-index=\"0\" ><div class=\"tg-service-widget tg-service-layout-1\">\n\t<div class=\"service-wrapper\">\n\t\t\t\t\t\t\t\t\t<div class=\"service-icon-wrap\"><i class=\"fa fa-tachometer\"><\/i><\/div>\n\t\t\t\t\t\t\t\t\t\t\t\t\t\t\t\t\t\t<h3 class=\"service-title-wrap\">\n\t\t\t\t\t\t\t\t\t\t<a href=\"https:\/\/www.reifen-vor-ort.de\/reifenhaendler\/plz-74336\/ulrich+fubrich++patrick+fubrich+gbr-brackenheimhausen-141119\">\n\t\t\t\t\t\tReifen und Felgen f\u00fcr die Stra\u00dfe\t\t\t\t\t\t\t\t\t\t\t<\/a>\n\t\t\t\t\t\t\t\t<\/h3>\n\t\t\t\t\t\t\t\t\t\t<div class=\"service-content-wrap\">Hier finden Sie unsere Reifenangebote f\u00fcr die Stra\u00dfe<\/div>\n\t\t\t\t\t\t\t\t\t\t<a class=\"service-more\" href=\"https:\/\/www.reifen-vor-ort.de\/reifenhaendler\/plz-74336\/ulrich+fubrich++patrick+fubrich+gbr-brackenheimhausen-141119\">Wechsel zu Reifen-vor-Ort<\/a>\n\t\t\t\t\t\t\t<\/div>\n<\/div>\n<\/div><\/div><div id=\"pgc-5-0-1\"  class=\"panel-grid-cell panel-grid-cell-empty\" ><\/div><div id=\"pgc-5-0-2\"  class=\"panel-grid-cell\" ><div id=\"panel-5-0-2-0\" class=\"so-panel widget widget_themegrill_flash_service tg-widget tg-single-service panel-first-child panel-last-child\" data-index=\"1\" ><div class=\"tg-service-widget tg-service-layout-1\">\n\t<div class=\"service-wrapper\">\n\t\t\t\t\t\t\t\t\t<div class=\"service-icon-wrap\"><i class=\"fa fa-automobile\"><\/i><\/div>\n\t\t\t\t\t\t\t\t\t\t\t\t\t\t\t\t\t\t<h3 class=\"service-title-wrap\">\n\t\t\t\t\t\t\t\t\t\t<a href=\"https:\/\/www.umf-motorsport.de\/?page_id=869\">\n\t\t\t\t\t\tMotorsport- und Stra\u00dfensport-Reifen\t\t\t\t\t\t\t\t\t\t\t<\/a>\n\t\t\t\t\t\t\t\t<\/h3>\n\t\t\t\t\t\t\t\t\t\t<div class=\"service-content-wrap\">Hier finden Sie unsere Motorsport- und Stra\u00dfensport-Reifen.<\/div>\n\t\t\t\t\t\t\t\t\t\t<a class=\"service-more\" href=\"https:\/\/www.umf-motorsport.de\/?page_id=869\">Mehr entdecken<\/a>\n\t\t\t\t\t\t\t<\/div>\n<\/div>\n<\/div><\/div><div id=\"pgc-5-0-3\"  class=\"panel-grid-cell\" ><div id=\"panel-5-0-3-0\" class=\"so-panel widget widget_themegrill_flash_service tg-widget tg-single-service panel-first-child panel-last-child\" data-index=\"2\" ><div class=\"tg-service-widget tg-service-layout-1\">\n\t<div class=\"service-wrapper\">\n\t\t\t\t\t\t\t\t\t<div class=\"service-icon-wrap\"><i class=\"fa fa-bank\"><\/i><\/div>\n\t\t\t\t\t\t\t\t\t\t\t\t\t\t\t\t\t\t<h3 class=\"service-title-wrap\">\n\t\t\t\t\t\t\t\t\t\t<a href=\"https:\/\/www.umf-motorsport.de\/?page_id=229\">\n\t\t\t\t\t\tReifenservce Preise\t\t\t\t\t\t\t\t\t\t\t<\/a>\n\t\t\t\t\t\t\t\t<\/h3>\n\t\t\t\t\t\t\t\t\t\t<div class=\"service-content-wrap\">Hier finden Sie die Preise zu unseren Dienstleistungen<\/div>\n\t\t\t\t\t\t\t\t\t\t<a class=\"service-more\" href=\"https:\/\/www.umf-motorsport.de\/?page_id=229\">Mehr entdecken<\/a>\n\t\t\t\t\t\t\t<\/div>\n<\/div>\n<\/div><\/div><\/div><\/div><div id=\"pg-5-1\"  class=\"panel-grid panel-has-style\" ><div class=\"panel-row-style panel-row-style-for-5-1\" ><div id=\"pgc-5-1-0\"  class=\"panel-grid-cell\" ><div id=\"panel-5-1-0-0\" class=\"so-panel widget widget_themegrill_flash_heading tg-widget section-title-wrapper panel-first-child\" data-index=\"3\" >\t<div class=\"heading heading-center divider-without-icon heading-divider\">\n\t<h3 class=\"section-title\">Unsere Sponsoren<\/h3>\n<\/div>\n<\/div><div id=\"panel-5-1-0-1\" class=\"so-panel widget widget_themegrill_flash_image tg-widget tg-image-widget\" data-index=\"4\" ><div class=\"tg-image-block\">\n\t\t\t<a href=\"https:\/\/addinol.de\/\"><img decoding=\"async\" src=\"https:\/\/www.umf-motorsport.de\/wp-content\/uploads\/2020\/02\/ADDINOL-Logo-4c.jpg\" alt=\"\" \/><\/a>\n\t\t\t\t<h3>Unser Sponsor und Lieferant f\u00fcr Schmierstoffe<\/h3>\n\t<\/div>\n<\/div><div id=\"panel-5-1-0-2\" class=\"so-panel widget widget_themegrill_flash_image tg-widget tg-image-widget\" data-index=\"5\" ><div class=\"tg-image-block\">\n\t\t\t<a href=\"https:\/\/www.gebhardt-automotive.de\/\"><img decoding=\"async\" src=\"https:\/\/www.umf-motorsport.de\/wp-content\/uploads\/2020\/02\/Logo-Gebhardt-1.jpg\" alt=\"\" \/><\/a>\n\t\t\t\t<h3>Unser Sponsor und Lieferant f\u00fcr Fahrzeug- und Fahrerausr\u00fcstung f\u00fcr den Rennsport<\/h3>\n\t<\/div>\n<\/div><div id=\"panel-5-1-0-3\" class=\"so-panel widget widget_themegrill_flash_image tg-widget tg-image-widget panel-last-child\" data-index=\"6\" ><div class=\"tg-image-block\">\n\t\t\t<a href=\"https:\/\/www.motec-wheels.de\/de\/\"><img decoding=\"async\" src=\"https:\/\/www.umf-motorsport.de\/wp-content\/uploads\/2020\/02\/Logo-Motec.jpg\" alt=\"\" \/><\/a>\n\t\t\t\t<h3>Unser Sponsor und Lieferant f\u00fcr Stra\u00dfen- und Motorsport-Felgen<\/h3>\n\t<\/div>\n<\/div><\/div><\/div><\/div><\/div>","protected":false},"excerpt":{"rendered":"<p>Reifen und Felgen f\u00fcr die Stra\u00dfe Hier finden Sie unsere Reifenangebote f\u00fcr die Stra\u00dfe Wechsel zu Reifen-vor-Ort Motorsport- und Stra\u00dfensport-Reifen [&hellip;]<\/p>\n","protected":false},"author":1,"featured_media":0,"parent":0,"menu_order":0,"comment_status":"closed","ping_status":"closed","template":"page-templates\/pagebuilder.php","meta":{"footnotes":""},"class_list":["post-5","page","type-page","status-publish","hentry"],"_links":{"self":[{"href":"https:\/\/www.umf-motorsport.de\/index.php?rest_route=\/wp\/v2\/pages\/5","targetHints":{"allow":["GET"]}}],"collection":[{"href":"https:\/\/www.umf-motorsport.de\/index.php?rest_route=\/wp\/v2\/pages"}],"about":[{"href":"https:\/\/www.umf-motorsport.de\/index.php?rest_route=\/wp\/v2\/types\/page"}],"author":[{"embeddable":true,"href":"https:\/\/www.umf-motorsport.de\/index.php?rest_route=\/wp\/v2\/users\/1"}],"replies":[{"embeddable":true,"href":"https:\/\/www.umf-motorsport.de\/index.php?rest_route=%2Fwp%2Fv2%2Fcomments&post=5"}],"version-history":[{"count":90,"href":"https:\/\/www.umf-motorsport.de\/index.php?rest_route=\/wp\/v2\/pages\/5\/revisions"}],"predecessor-version":[{"id":1032,"href":"https:\/\/www.umf-motorsport.de\/index.php?rest_route=\/wp\/v2\/pages\/5\/revisions\/1032"}],"wp:attachment":[{"href":"https:\/\/www.umf-motorsport.de\/index.php?rest_route=%2Fwp%2Fv2%2Fmedia&parent=5"}],"curies":[{"name":"wp","href":"https:\/\/api.w.org\/{rel}","templated":true}]}}